{"id":112,"date":"2018-11-07T13:03:51","date_gmt":"2018-11-07T13:03:51","guid":{"rendered":"http:\/\/stimmbar-emmerich.de\/?page_id=112"},"modified":"2019-01-19T12:23:49","modified_gmt":"2019-01-19T12:23:49","slug":"die-presse","status":"publish","type":"page","link":"http:\/\/stimmbar-emmerich.de\/?page_id=112","title":{"rendered":"Die Presse"},"content":{"rendered":"<p>Am 13. Januar 2019 haben wir ein sch\u00f6nes Chorprojekt mit den &#8222;Family-Singers&#8220; aus Pfalzdorf und &#8222;Chorage&#8220; aus Kirchhellen geplant. Au\u00dferdem spielt die grandiose Band &#8222;Three Red Shoes&#8220;. Wir freuen uns darauf! Hier die Ank\u00fcndigung in der Rheinischen Post vom 05.01.19.<\/p>\n<p><img loading=\"lazy\" decoding=\"async\" class=\" wp-image-131 aligncenter\" src=\"http:\/\/stimmbar-emmerich.de\/wp-content\/uploads\/2019\/01\/IMG_20190119_094648535-2-179x300.jpg\" alt=\"\" width=\"339\" height=\"568\" srcset=\"http:\/\/stimmbar-emmerich.de\/wp-content\/uploads\/2019\/01\/IMG_20190119_094648535-2-179x300.jpg 179w, http:\/\/stimmbar-emmerich.de\/wp-content\/uploads\/2019\/01\/IMG_20190119_094648535-2-768x1284.jpg 768w, http:\/\/stimmbar-emmerich.de\/wp-content\/uploads\/2019\/01\/IMG_20190119_094648535-2.jpg 1952w\" sizes=\"auto, (max-width: 339px) 100vw, 339px\" \/><\/p>\n<p>&nbsp;<\/p>\n<p>Unser erstes Mitsingkonzert am 30.09.18 im Schl\u00f6sschen Borghees war ein voller Erfolg und hat uns allen viel Freude bereit. Das werden wir sicher wiederholen \ud83d\ude42 Hier der Artikel, den die NRZ dar\u00fcber ver\u00f6ffentlicht hat.<\/p>\n<p><img loading=\"lazy\" decoding=\"async\" class=\"alignnone wp-image-113\" src=\"http:\/\/stimmbar-emmerich.de\/wp-content\/uploads\/2018\/11\/IMG-20181002-WA0000-300x210.jpg\" alt=\"\" width=\"758\" height=\"530\" srcset=\"http:\/\/stimmbar-emmerich.de\/wp-content\/uploads\/2018\/11\/IMG-20181002-WA0000-300x210.jpg 300w, http:\/\/stimmbar-emmerich.de\/wp-content\/uploads\/2018\/11\/IMG-20181002-WA0000-768x538.jpg 768w, http:\/\/stimmbar-emmerich.de\/wp-content\/uploads\/2018\/11\/IMG-20181002-WA0000.jpg 1024w\" sizes=\"auto, (max-width: 758px) 100vw, 758px\" \/><\/p>\n","protected":false},"excerpt":{"rendered":"<p>Am 13. Januar 2019 haben wir ein sch\u00f6nes Chorprojekt mit den &#8222;Family-Singers&#8220; aus Pfalzdorf und &#8222;Chorage&#8220; aus Kirchhellen geplant. Au\u00dferdem &hellip; <\/p>\n<p><a href=\"http:\/\/stimmbar-emmerich.de\/?page_id=112\" class=\"more-link\">Weiterlesen<\/a><\/p>\n","protected":false},"author":1,"featured_media":0,"parent":0,"menu_order":0,"comment_status":"closed","ping_status":"closed","template":"","meta":{"footnotes":""},"class_list":["post-112","page","type-page","status-publish","hentry"],"_links":{"self":[{"href":"http:\/\/stimmbar-emmerich.de\/index.php?rest_route=\/wp\/v2\/pages\/112","targetHints":{"allow":["GET"]}}],"collection":[{"href":"http:\/\/stimmbar-emmerich.de\/index.php?rest_route=\/wp\/v2\/pages"}],"about":[{"href":"http:\/\/stimmbar-emmerich.de\/index.php?rest_route=\/wp\/v2\/types\/page"}],"author":[{"embeddable":true,"href":"http:\/\/stimmbar-emmerich.de\/index.php?rest_route=\/wp\/v2\/users\/1"}],"replies":[{"embeddable":true,"href":"http:\/\/stimmbar-emmerich.de\/index.php?rest_route=%2Fwp%2Fv2%2Fcomments&post=112"}],"version-history":[{"count":4,"href":"http:\/\/stimmbar-emmerich.de\/index.php?rest_route=\/wp\/v2\/pages\/112\/revisions"}],"predecessor-version":[{"id":133,"href":"http:\/\/stimmbar-emmerich.de\/index.php?rest_route=\/wp\/v2\/pages\/112\/revisions\/133"}],"wp:attachment":[{"href":"http:\/\/stimmbar-emmerich.de\/index.php?rest_route=%2Fwp%2Fv2%2Fmedia&parent=112"}],"curies":[{"name":"wp","href":"https:\/\/api.w.org\/{rel}","templated":true}]}}