{"id":20,"date":"2018-04-03T13:50:29","date_gmt":"2018-04-03T13:50:29","guid":{"rendered":"http:\/\/stimmbar-emmerich.de\/?page_id=20"},"modified":"2025-10-17T12:00:47","modified_gmt":"2025-10-17T12:00:47","slug":"die-termine","status":"publish","type":"page","link":"http:\/\/stimmbar-emmerich.de\/?page_id=20","title":{"rendered":"Die Termine"},"content":{"rendered":"\n<p class=\"has-text-align-center has-pale-pink-background-color has-background\">Unsere n\u00e4chste Probe ist am Dienstag, den<strong> 28.10.2025 um 20.15 Uhr<\/strong> in der Kulturscheune beim Schl\u00f6sschen Borghees. Wir freuen uns immer \u00fcber neue Mitglieder. Wenn du also Spa\u00df am Singen hast, dann komm doch einfach mal vorbei und schau dir eine Probe an. Danach kannst du entscheiden, ob es etwas f\u00fcr dich ist oder nicht. Probieren geht \u00fcber studieren.<\/p>\n\n\n\n<p class=\"has-text-align-center has-pale-pink-background-color has-background\"> Sehen wir uns bei der n\u00e4chsten Probe?<\/p>\n\n\n\n<p><\/p>\n\n\n\n<p>Wir singen am 14.12.2025 beim Adventsnachmittag in der Kulturscheune.<\/p>\n\n\n\n<p><\/p>\n","protected":false},"excerpt":{"rendered":"<p>Unsere n\u00e4chste Probe ist am Dienstag, den 28.10.2025 um 20.15 Uhr in der Kulturscheune beim Schl\u00f6sschen Borghees. Wir freuen uns &hellip; <\/p>\n<p><a href=\"http:\/\/stimmbar-emmerich.de\/?page_id=20\" class=\"more-link\">Weiterlesen<\/a><\/p>\n","protected":false},"author":1,"featured_media":0,"parent":0,"menu_order":0,"comment_status":"closed","ping_status":"closed","template":"","meta":{"footnotes":""},"class_list":["post-20","page","type-page","status-publish","hentry"],"_links":{"self":[{"href":"http:\/\/stimmbar-emmerich.de\/index.php?rest_route=\/wp\/v2\/pages\/20","targetHints":{"allow":["GET"]}}],"collection":[{"href":"http:\/\/stimmbar-emmerich.de\/index.php?rest_route=\/wp\/v2\/pages"}],"about":[{"href":"http:\/\/stimmbar-emmerich.de\/index.php?rest_route=\/wp\/v2\/types\/page"}],"author":[{"embeddable":true,"href":"http:\/\/stimmbar-emmerich.de\/index.php?rest_route=\/wp\/v2\/users\/1"}],"replies":[{"embeddable":true,"href":"http:\/\/stimmbar-emmerich.de\/index.php?rest_route=%2Fwp%2Fv2%2Fcomments&post=20"}],"version-history":[{"count":42,"href":"http:\/\/stimmbar-emmerich.de\/index.php?rest_route=\/wp\/v2\/pages\/20\/revisions"}],"predecessor-version":[{"id":293,"href":"http:\/\/stimmbar-emmerich.de\/index.php?rest_route=\/wp\/v2\/pages\/20\/revisions\/293"}],"wp:attachment":[{"href":"http:\/\/stimmbar-emmerich.de\/index.php?rest_route=%2Fwp%2Fv2%2Fmedia&parent=20"}],"curies":[{"name":"wp","href":"https:\/\/api.w.org\/{rel}","templated":true}]}}